{"id":1587,"date":"2026-02-01T16:47:52","date_gmt":"2026-02-01T16:47:52","guid":{"rendered":"https:\/\/abbiegrooming.com\/?page_id=1587"},"modified":"2026-03-20T16:18:09","modified_gmt":"2026-03-20T16:18:09","slug":"privacy-policy","status":"publish","type":"page","link":"https:\/\/abbiegrooming.com\/es\/privacy-policy\/","title":{"rendered":"Pol\u00edticas de privacidad"},"content":{"rendered":"<div data-elementor-type=\"wp-page\" data-elementor-id=\"1587\" class=\"elementor elementor-1587\" data-elementor-post-type=\"page\">\n\t\t\t\t\t\t<section class=\"elementor-section elementor-top-section elementor-element elementor-element-96286ef elementor-reverse-mobile elementor-section-boxed elementor-section-height-default elementor-section-height-default\" data-id=\"96286ef\" data-element_type=\"section\" data-e-type=\"section\" data-settings=\"{&quot;background_background&quot;:&quot;classic&quot;,&quot;shape_divider_bottom&quot;:&quot;waves&quot;,&quot;shape_divider_bottom_negative&quot;:&quot;yes&quot;,&quot;_ha_eqh_enable&quot;:false}\">\n\t\t\t\t\t\t\t<div class=\"elementor-background-overlay\"><\/div>\n\t\t\t\t\t\t<div class=\"elementor-shape elementor-shape-bottom\" aria-hidden=\"true\" data-negative=\"true\">\n\t\t\t<svg xmlns=\"http:\/\/www.w3.org\/2000\/svg\" viewbox=\"0 0 1000 100\" preserveaspectratio=\"none\">\n\t<path class=\"elementor-shape-fill\" d=\"M790.5,93.1c-59.3-5.3-116.8-18-192.6-50c-29.6-12.7-76.9-31-100.5-35.9c-23.6-4.9-52.6-7.8-75.5-5.3\tc-10.2,1.1-22.6,1.4-50.1,7.4c-27.2,6.3-58.2,16.6-79.4,24.7c-41.3,15.9-94.9,21.9-134,22.6C72,58.2,0,25.8,0,25.8V100h1000V65.3\tc0,0-51.5,19.4-106.2,25.7C839.5,97,814.1,95.2,790.5,93.1z\"\/>\n<\/svg>\t\t<\/div>\n\t\t\t\t\t<div class=\"elementor-container elementor-column-gap-default\">\n\t\t\t\t\t<div class=\"elementor-column elementor-col-50 elementor-top-column elementor-element elementor-element-4a7ca80 animated-fast elementor-invisible\" data-id=\"4a7ca80\" data-element_type=\"column\" data-e-type=\"column\" data-settings=\"{&quot;animation&quot;:&quot;fadeInRight&quot;}\">\n\t\t\t<div class=\"elementor-widget-wrap elementor-element-populated\">\n\t\t\t\t\t\t<div class=\"elementor-element elementor-element-fbd9fe4 elementor-widget elementor-widget-heading\" data-id=\"fbd9fe4\" data-element_type=\"widget\" data-e-type=\"widget\" data-widget_type=\"heading.default\">\n\t\t\t\t<div class=\"elementor-widget-container\">\n\t\t\t\t\t<h1 class=\"elementor-heading-title elementor-size-default\">Pol\u00edticas de privacidad\n<\/h1>\t\t\t\t<\/div>\n\t\t\t\t<\/div>\n\t\t\t\t<div class=\"elementor-element elementor-element-2ae7cf3 elementor-hidden-desktop elementor-hidden-tablet elementor-hidden-mobile elementor-widget elementor-widget-text-editor\" data-id=\"2ae7cf3\" data-element_type=\"widget\" data-e-type=\"widget\" data-widget_type=\"text-editor.default\">\n\t\t\t\t<div class=\"elementor-widget-container\">\n\t\t\t\t\t\t\t\t\t<p>\u00a1Cont\u00e1ctenos! Y mima a tu amigo peludo como se lo merece\u2764\ufe0f<\/p>\t\t\t\t\t\t\t\t<\/div>\n\t\t\t\t<\/div>\n\t\t\t\t\t<\/div>\n\t\t<\/div>\n\t\t\t\t<div class=\"elementor-column elementor-col-50 elementor-top-column elementor-element elementor-element-dea44c1\" data-id=\"dea44c1\" data-element_type=\"column\" data-e-type=\"column\">\n\t\t\t<div class=\"elementor-widget-wrap\">\n\t\t\t\t\t\t\t<\/div>\n\t\t<\/div>\n\t\t\t\t\t<\/div>\n\t\t<\/section>\n\t\t<div class=\"elementor-element elementor-element-10e477d e-flex e-con-boxed e-con e-parent\" data-id=\"10e477d\" data-element_type=\"container\" data-e-type=\"container\" data-settings=\"{&quot;background_background&quot;:&quot;classic&quot;,&quot;_ha_eqh_enable&quot;:false}\">\n\t\t\t\t\t<div class=\"e-con-inner\">\n\t\t\t\t<div class=\"elementor-element elementor-element-c290724 elementor-widget elementor-widget-text-editor\" data-id=\"c290724\" data-element_type=\"widget\" data-e-type=\"widget\" data-widget_type=\"text-editor.default\">\n\t\t\t\t<div class=\"elementor-widget-container\">\n\t\t\t\t\t\t\t\t\t<p class=\"translation-block\">En <strong>Abbie Pet Grooming<\/strong> nos preocupamos por resguardar sus datos e informaci\u00f3n de nuestros clientes, es por ello que hemos establecido las siguientes pol\u00edticas de seguridad y donde aseguramos que la informaci\u00f3n que se obtenga a trav\u00e9s de nuestras redes y anuncios, as\u00ed como tambi\u00e9n el consentimiento para enviar mensajes de texto no ser\u00e1 compartida ni divulgada con terceros.<\/p><p class=\"translation-block\"><strong>Abbie Pet Grooming<\/strong> est\u00e1 comprometida con la seguridad de los datos de sus usuarios. Cuando le pedimos llenar los campos de informaci\u00f3n personal con la cual usted pueda ser identificado, lo hacemos asegurando que solo se emplear\u00e1 de acuerdo con los t\u00e9rminos de este documento.<\/p><h3><span style=\"color: #cb2729;\">POL\u00cdTICA DE SEGURIDAD DE LA INFORMACI\u00d3N:<\/span><\/h3><p class=\"translation-block\">En <strong>Abbie Pet Grooming<\/strong>, la seguridad de tu informaci\u00f3n es una prioridad absoluta. Hemos implementado medidas de seguridad para proteger tus datos contra accesos no autorizados, p\u00e9rdida o divulgaci\u00f3n. Nuestra Pol\u00edtica de Seguridad de la Informaci\u00f3n describe en detalle las salvaguardas que hemos implementado para proteger la confidencialidad, integridad y disponibilidad de tus datos.<\/p><h3><span style=\"color: #cb2729;\">POL\u00cdTICA DE PROTECCI\u00d3N DE DATOS:<\/span><\/h3><p>Cumplimos con todas las leyes y regulaciones aplicables para proteger tus datos personales. Nuestra Pol\u00edtica de Protecci\u00f3n de Datos establece los principios y procedimientos que seguimos para recopilar, procesar y almacenar tus datos de manera segura y transparente. Adem\u00e1s, garantizamos que no compartiremos tus datos con terceros.<\/p><h3><span style=\"color: #cb2729;\">POL\u00cdTICA DE ACCESO Y AUTORIZACI\u00d3N:<\/span><\/h3><p class=\"translation-block\">Protegemos tu informaci\u00f3n mediante el acceso restringido y autorizado a tus datos. Nuestra Pol\u00edtica de Acceso y Autorizaci\u00f3n define los niveles de acceso y c\u00f3mo gestionamos los permisos para garantizar la seguridad de tu informaci\u00f3n personal. En <strong>Abbie Pet Grooming<\/strong> nos esforzamos parabrindarle la seguridad y la tranquilidad de que su privacidad y sus datos personales est\u00e1n protegidos y manejados de manera profesional por un equipo comprometido con brindar el mejor servicio y cuidado que sus queridas mascotas merecen.<\/p>\t\t\t\t\t\t\t\t<\/div>\n\t\t\t\t<\/div>\n\t\t\t\t\t<\/div>\n\t\t\t\t<\/div>\n\t\t\t\t<\/div>","protected":false},"excerpt":{"rendered":"<p>Privacy Policy Contact us! And pamper your furry friend as he deserves it\u2764\ufe0f At Abbie Pet Grooming, we take care to safeguard our clients&#8217; data and information. Therefore, we have established the following security policies to ensure that the information obtained through our networks and ads, as well as consent to send text messages, will [&hellip;]<\/p>\n","protected":false},"author":1,"featured_media":0,"parent":0,"menu_order":0,"comment_status":"closed","ping_status":"closed","template":"","meta":{"site-sidebar-layout":"no-sidebar","site-content-layout":"page-builder","ast-site-content-layout":"full-width-container","site-content-style":"default","site-sidebar-style":"default","ast-global-header-display":"","ast-banner-title-visibility":"","ast-main-header-display":"","ast-hfb-above-header-display":"","ast-hfb-below-header-display":"","ast-hfb-mobile-header-display":"","site-post-title":"disabled","ast-breadcrumbs-content":"","ast-featured-img":"disabled","footer-sml-layout":"","ast-disable-related-posts":"","theme-transparent-header-meta":"enabled","adv-header-id-meta":"","stick-header-meta":"","header-above-stick-meta":"","header-main-stick-meta":"","header-below-stick-meta":"","astra-migrate-meta-layouts":"set","ast-page-background-enabled":"default","ast-page-background-meta":{"desktop":{"background-color":"","background-image":"","background-repeat":"repeat","background-position":"center center","background-size":"auto","background-attachment":"scroll","background-type":"","background-media":"","overlay-type":"","overlay-color":"","overlay-opacity":"","overlay-gradient":""},"tablet":{"background-color":"","background-image":"","background-repeat":"repeat","background-position":"center center","background-size":"auto","background-attachment":"scroll","background-type":"","background-media":"","overlay-type":"","overlay-color":"","overlay-opacity":"","overlay-gradient":""},"mobile":{"background-color":"","background-image":"","background-repeat":"repeat","background-position":"center center","background-size":"auto","background-attachment":"scroll","background-type":"","background-media":"","overlay-type":"","overlay-color":"","overlay-opacity":"","overlay-gradient":""}},"ast-content-background-meta":{"desktop":{"background-color":"var(--ast-global-color-5)","background-image":"","background-repeat":"repeat","background-position":"center center","background-size":"auto","background-attachment":"scroll","background-type":"","background-media":"","overlay-type":"","overlay-color":"","overlay-opacity":"","overlay-gradient":""},"tablet":{"background-color":"var(--ast-global-color-5)","background-image":"","background-repeat":"repeat","background-position":"center center","background-size":"auto","background-attachment":"scroll","background-type":"","background-media":"","overlay-type":"","overlay-color":"","overlay-opacity":"","overlay-gradient":""},"mobile":{"background-color":"var(--ast-global-color-5)","background-image":"","background-repeat":"repeat","background-position":"center center","background-size":"auto","background-attachment":"scroll","background-type":"","background-media":"","overlay-type":"","overlay-color":"","overlay-opacity":"","overlay-gradient":""}},"footnotes":""},"class_list":["post-1587","page","type-page","status-publish","hentry"],"_links":{"self":[{"href":"https:\/\/abbiegrooming.com\/es\/wp-json\/wp\/v2\/pages\/1587","targetHints":{"allow":["GET"]}}],"collection":[{"href":"https:\/\/abbiegrooming.com\/es\/wp-json\/wp\/v2\/pages"}],"about":[{"href":"https:\/\/abbiegrooming.com\/es\/wp-json\/wp\/v2\/types\/page"}],"author":[{"embeddable":true,"href":"https:\/\/abbiegrooming.com\/es\/wp-json\/wp\/v2\/users\/1"}],"replies":[{"embeddable":true,"href":"https:\/\/abbiegrooming.com\/es\/wp-json\/wp\/v2\/comments?post=1587"}],"version-history":[{"count":20,"href":"https:\/\/abbiegrooming.com\/es\/wp-json\/wp\/v2\/pages\/1587\/revisions"}],"predecessor-version":[{"id":1624,"href":"https:\/\/abbiegrooming.com\/es\/wp-json\/wp\/v2\/pages\/1587\/revisions\/1624"}],"wp:attachment":[{"href":"https:\/\/abbiegrooming.com\/es\/wp-json\/wp\/v2\/media?parent=1587"}],"curies":[{"name":"wp","href":"https:\/\/api.w.org\/{rel}","templated":true}]}}